{"id":24,"date":"2012-05-03T16:52:10","date_gmt":"2012-05-03T16:52:10","guid":{"rendered":"http:\/\/kalvfestival.se.www1.gika.se\/wp\/?page_id=24"},"modified":"2016-02-07T17:27:01","modified_gmt":"2016-02-07T16:27:01","slug":"kalvfestivalen-2007","status":"publish","type":"page","link":"https:\/\/kalvfestival.se\/wp\/tidigare-festivaler\/kalvfestivalen-2007\/","title":{"rendered":"Kalvfestivalen 2007"},"content":{"rendered":"<p>Kalvfestivalen 2007 \u00e4gde rum den 10\u201312 augusti. Den dominerades av projektlabb Reality som under ledning av Line Tj\u00f8rmh\u00f8j komponerat en hel dag fr\u00e5n frukost till nattvideoinstallation. Offentlig komponerad frukost och lunchkonserter i privata hem blev popul\u00e4ra evenemang. Dessutom tillbringades eftermiddagen i Backa Loge med tre dialogkonserter d\u00e4r publiken fick samtala med musikerna. Ett sp\u00e4ckat program med stor publikuppslutning och god uppm\u00e4rksamhet i pressen blev \u00e5rets facit.<\/p>\n","protected":false},"excerpt":{"rendered":"<p>Kalvfestivalen 2007 \u00e4gde rum den 10\u201312 augusti. Den dominerades av projektlabb Reality som under ledning av Line Tj\u00f8rmh\u00f8j komponerat en hel dag fr\u00e5n frukost till nattvideoinstallation. Offentlig komponerad frukost och lunchkonserter i privata hem blev popul\u00e4ra evenemang. Dessutom tillbringades eftermiddagen i Backa Loge med tre dialogkonserter d\u00e4r publiken fick samtala med musikerna. Ett sp\u00e4ckat program&hellip;<\/p>\n","protected":false},"author":1,"featured_media":0,"parent":17,"menu_order":0,"comment_status":"open","ping_status":"closed","template":"","meta":{"_acf_changed":false,"footnotes":""},"class_list":["post-24","page","type-page","status-publish","hentry"],"acf":[],"_links":{"self":[{"href":"https:\/\/kalvfestival.se\/wp\/wp-json\/wp\/v2\/pages\/24","targetHints":{"allow":["GET"]}}],"collection":[{"href":"https:\/\/kalvfestival.se\/wp\/wp-json\/wp\/v2\/pages"}],"about":[{"href":"https:\/\/kalvfestival.se\/wp\/wp-json\/wp\/v2\/types\/page"}],"author":[{"embeddable":true,"href":"https:\/\/kalvfestival.se\/wp\/wp-json\/wp\/v2\/users\/1"}],"replies":[{"embeddable":true,"href":"https:\/\/kalvfestival.se\/wp\/wp-json\/wp\/v2\/comments?post=24"}],"version-history":[{"count":4,"href":"https:\/\/kalvfestival.se\/wp\/wp-json\/wp\/v2\/pages\/24\/revisions"}],"predecessor-version":[{"id":1120,"href":"https:\/\/kalvfestival.se\/wp\/wp-json\/wp\/v2\/pages\/24\/revisions\/1120"}],"up":[{"embeddable":true,"href":"https:\/\/kalvfestival.se\/wp\/wp-json\/wp\/v2\/pages\/17"}],"wp:attachment":[{"href":"https:\/\/kalvfestival.se\/wp\/wp-json\/wp\/v2\/media?parent=24"}],"curies":[{"name":"wp","href":"https:\/\/api.w.org\/{rel}","templated":true}]}}