{"id":2,"date":"2012-05-03T12:22:09","date_gmt":"2012-05-03T12:22:09","guid":{"rendered":"http:\/\/kalvfestival.se.www1.gika.se\/wp\/?page_id=2"},"modified":"2025-10-08T10:18:44","modified_gmt":"2025-10-08T08:18:44","slug":"om-festivalen","status":"publish","type":"page","link":"https:\/\/kalvfestival.se\/wp\/om-festivalen\/","title":{"rendered":"Om festivalen"},"content":{"rendered":"<div class=\"wpb-content-wrapper\"><p>[vc_row full_width=&#8221;stretch_row&#8221; css=&#8221;.vc_custom_1759663591266{background-image: url(https:\/\/kalvfestival.se\/wp\/wp-content\/uploads\/2024\/07\/P1020918-scaled.jpg?id=7750) !important;background-position: center !important;background-repeat: no-repeat !important;background-size: cover !important;}&#8221;][vc_column width=&#8221;1\/6&#8243;][vc_empty_space height=&#8221;64px&#8221;][\/vc_column][vc_column width=&#8221;2\/3&#8243; css=&#8221;.vc_custom_1596493405927{padding-right: 15px !important;padding-left: 15px !important;background-color: rgba(15,76,129,0.64) !important;*background-color: rgb(15,76,129) !important;}&#8221;][vc_column_text css=&#8221;.vc_custom_1759911514458{padding-right: 15px !important;padding-left: 15px !important;}&#8221;]<span style=\"color: #ffffff;\"><strong>Om KALVFESTIVALEN<\/strong><\/span><br \/>\n<span style=\"color: #ffffff;\"><em>Internationell m\u00f6tesplats f\u00f6r utveckling av nutida konstmusik<\/em><\/span><\/p>\n<p><span style=\"color: #ffffff;\">Kalvfestivalen \u00e4r en festival f\u00f6r nutida konstmusik och en plats d\u00e4r vi arbetar med musikens utveckling och integrering i samh\u00e4llet. Kalvfestivalen startade \u00e5r 2004 i Kalv och \u00e4ger rum andra helgen i augusti varje \u00e5r. Orten Kalv \u00e4r en liten by i ett natursk\u00f6nt omr\u00e5de i s\u00f6dra delen av V\u00e4stra G\u00f6taland.<\/span><\/p>\n<p><span style=\"color: #ffffff;\">Den drivande kraften \u00e4r \u00f6vertygelsen att den nya musiken har n\u00e5got att tillf\u00f6ra samh\u00e4llet och att den kan utvecklas i n\u00e4ra interaktion med utommusikaliska verksamheter. Det som efterhand har kommit i fokus \u00e4r samarbetet med civilsamh\u00e4llet i orten Kalv. Genom ett n\u00e4ra samarbete med f\u00f6reningar, f\u00f6retag och andra grupper i Kalv har vi skapat en genuint ny publik f\u00f6r denna musik. Kalvfestivalen har f\u00e5tt uppm\u00e4rksamhet b\u00e5de nationellt och internationellt och \u00e4r en av de mest tongivande och l\u00e5ngvariga festivalerna f\u00f6r ny konstmusik i Sverige.<\/span><\/p>\n<p><span style=\"color: #ffffff;\">Kalvfestivalen bedriver utvecklingsprojekt och gr\u00e4ns\u00f6verskridande arbeten med andra konstarter och kunskapsomr\u00e5den. Vi best\u00e4ller nya verk och uppmuntrar nyskapande, experimentella projekt. Vi bedriver pedagogisk verksamhet i skolorna i omr\u00e5det, men \u00e4ven det internationella perspektivet \u00e4r centralt och festivalen \u00e4r en del av flera internationella festivaln\u00e4tverk.<\/span><\/p>\n<p><span style=\"color: #ffffff;\"><strong>2026 \u00e5rs Kalvfestival kommer att h\u00e5llas 6-9 augusti.<\/strong><\/span><\/p>\n<p><span style=\"color: #ffffff;\">Kalvfestivalen arrangeras av <strong>F\u00f6reningen Kalvfestivalen<\/strong>, med s\u00e4te i Kalv.<\/span><\/p>\n<p><span style=\"color: #ffffff;\"><strong>Styrelse<\/strong> <strong>\u2013 <\/strong><em>Martin Lindman<\/em> (ordf), <em>Emil Nilsson<\/em>\u00a0(sekr), <em>Maria Gull, Ingela S\u00e4v\u00e5s, Henrik Denerin, Anna Svensdotter, <\/em><em>Jarl Bill<\/em> och <em>Christina Nyhage<\/em><strong><br \/>\nProgramansvarig<\/strong> <strong>\u2013<\/strong><em> Emil Nilsson<\/em><strong><br \/>\nWebmaster och grafisk design \u2013 <\/strong><em>Leif Haglund<\/em>, urbane guerilla design group<strong><br \/>\nTekniker \u2013 <\/strong><em>Tomas Ferngren<\/em><strong><br \/>\nKoordinator i Kalv \u2013 <\/strong><em>Maria Gull<\/em><strong><br \/>\nBilddokumentation<\/strong> <strong>\u2013 <\/strong><em>Esaias J\u00e4rnegard<\/em> och <em>Mats O Hansson<\/em><strong><br \/>\nBiljetter och crew \u2013 <\/strong><em>Jarl, Andreas, Jonathan, Othilia<\/em> och <em>Jenny Bill<\/em><\/span><\/p>\n<p><span style=\"color: #ffffff;\">Kalvfestivalen arrangeras av f\u00f6reningen Kalvfestivalen i samarbete och med st\u00f6d av:<\/span><br \/>\n<span style=\"color: #ffffff;\">V\u00e4stra G\u00f6talandsregionen, Statens Kulturr\u00e5d, Svenljunga kommun, Sparbanksstiftelsen Sjuh\u00e4rad, Sensus, Mj\u00f6b\u00e4cks sparbank, Tore G W\u00e4renstams stiftelse, L\u00e4ngmanska kulturfonden, Music Norway, Wilhelm och Martina Lundgrens underst\u00f6dsfond, Helge Ax:son Johnsons stiftelse, Kindaholms f\u00f6rsamling, Kalvs bygdeg\u00e5rdsf\u00f6rening, Bob Kelly AB, \u00d6sterrikes Ambassad Stockholm, Kalvs hembygdsf\u00f6rening och Kalvs Byalag.<\/span><\/p>\n<p><span style=\"color: #ffffff;\">Kalvfestivalen \u00e4r medlem i EFFE: Europe for Festivals, Festivals for Europe och RANK<\/span>[\/vc_column_text][\/vc_column][vc_column width=&#8221;1\/6&#8243;][\/vc_column][\/vc_row][vc_row full_width=&#8221;stretch_row&#8221; css=&#8221;.vc_custom_1588151552609{border-top-width: 1px !important;border-right-width: 1px !important;border-bottom-width: 1px !important;border-left-width: 1px !important;border-left-color: #000000 !important;border-left-style: solid !important;border-right-color: #000000 !important;border-right-style: solid !important;border-top-color: #000000 !important;border-top-style: solid !important;border-bottom-color: #000000 !important;border-bottom-style: solid !important;border-radius: 3px !important;}&#8221;][vc_column][lab_clients columns_count=&#8221;5&#8243; column_spacing=&#8221;yes&#8221; image_borders=&#8221;no&#8221; img_size=&#8221;large&#8221; height=&#8221;90&#8243;][lab_clients_entry image=&#8221;887&#8243; title=&#8221;V\u00e4stra G\u00f6talandsregionen&#8221;][lab_clients_entry image=&#8221;4574&#8243; title=&#8221;Kulturr\u00e5det&#8221;][lab_clients_entry image=&#8221;882&#8243; title=&#8221;Svenljunga kommun&#8221;][lab_clients_entry image=&#8221;6553&#8243; title=&#8221;Tore G W\u00e4renstams stiftelse&#8221;][lab_clients_entry image=&#8221;1810&#8243; title=&#8221;Bob Kelly&#8221;][lab_clients_entry image=&#8221;4578&#8243; title=&#8221;EFFE&#8221;][lab_clients_entry image=&#8221;6974&#8243; title=&#8221;G\u00f6teborg Artist Center&#8221; link=&#8221;url:https%3A%2F%2Fgac.se%2F|target:_blank&#8221;][lab_clients_entry image=&#8221;7105&#8243; title=&#8221;Sensus&#8221;][lab_clients_entry image=&#8221;7386&#8243; title=&#8221;Sparbanken Sjuh\u00e4rad&#8221;][lab_clients_entry image=&#8221;7888&#8243; title=&#8221;\u00d6sterrikes Ambassad Stockholm&#8221;][\/lab_clients][\/vc_column][\/vc_row]<\/p>\n<\/div>","protected":false},"excerpt":{"rendered":"<p>[vc_row full_width=&#8221;stretch_row&#8221; css=&#8221;.vc_custom_1759663591266{background-image: url(https:\/\/kalvfestival.se\/wp\/wp-content\/uploads\/2024\/07\/P1020918-scaled.jpg?id=7750) !important;background-position: center !important;background-repeat: no-repeat !important;background-size: cover !important;}&#8221;][vc_column width=&#8221;1\/6&#8243;][vc_empty_space height=&#8221;64px&#8221;][\/vc_column][vc_column width=&#8221;2\/3&#8243; css=&#8221;.vc_custom_1596493405927{padding-right: 15px !important;padding-left: 15px !important;background-color: rgba(15,76,129,0.64) !important;*background-color: rgb(15,76,129) !important;}&#8221;][vc_column_text css=&#8221;.vc_custom_1759911514458{padding-right: 15px !important;padding-left: 15px !important;}&#8221;]Om KALVFESTIVALEN Internationell m\u00f6tesplats f\u00f6r utveckling av nutida konstmusik Kalvfestivalen \u00e4r en festival f\u00f6r nutida konstmusik och en plats d\u00e4r vi arbetar med musikens utveckling och integrering i&hellip;<\/p>\n","protected":false},"author":1,"featured_media":7750,"parent":0,"menu_order":0,"comment_status":"open","ping_status":"open","template":"","meta":{"_acf_changed":false,"footnotes":""},"class_list":["post-2","page","type-page","status-publish","has-post-thumbnail","hentry"],"acf":[],"_links":{"self":[{"href":"https:\/\/kalvfestival.se\/wp\/wp-json\/wp\/v2\/pages\/2","targetHints":{"allow":["GET"]}}],"collection":[{"href":"https:\/\/kalvfestival.se\/wp\/wp-json\/wp\/v2\/pages"}],"about":[{"href":"https:\/\/kalvfestival.se\/wp\/wp-json\/wp\/v2\/types\/page"}],"author":[{"embeddable":true,"href":"https:\/\/kalvfestival.se\/wp\/wp-json\/wp\/v2\/users\/1"}],"replies":[{"embeddable":true,"href":"https:\/\/kalvfestival.se\/wp\/wp-json\/wp\/v2\/comments?post=2"}],"version-history":[{"count":96,"href":"https:\/\/kalvfestival.se\/wp\/wp-json\/wp\/v2\/pages\/2\/revisions"}],"predecessor-version":[{"id":7950,"href":"https:\/\/kalvfestival.se\/wp\/wp-json\/wp\/v2\/pages\/2\/revisions\/7950"}],"wp:featuredmedia":[{"embeddable":true,"href":"https:\/\/kalvfestival.se\/wp\/wp-json\/wp\/v2\/media\/7750"}],"wp:attachment":[{"href":"https:\/\/kalvfestival.se\/wp\/wp-json\/wp\/v2\/media?parent=2"}],"curies":[{"name":"wp","href":"https:\/\/api.w.org\/{rel}","templated":true}]}}